{"id":41,"date":"2015-12-08T20:33:02","date_gmt":"2015-12-08T19:33:02","guid":{"rendered":"http:\/\/gutberaten.bplaced.net\/wp\/?page_id=41"},"modified":"2022-06-07T14:31:53","modified_gmt":"2022-06-07T12:31:53","slug":"so-berate-ich","status":"publish","type":"page","link":"https:\/\/gutberaten-ost.ch\/?page_id=41","title":{"rendered":"Beratungsverst\u00e4ndnis"},"content":{"rendered":"<p>Als systemischer Organisationsberater arbeite ich sorgf\u00e4ltig und situationsgerecht. Grundlage sind f\u00fcr mich die im Prozess beteiligten Menschen, von denen jeder einzelne als Individuum ernst genommen werden will. Organisationen betrachte ich als lebende und entwicklungsf\u00e4hige Systeme.<\/p>\n<p>Ausgangspunkt f\u00fcr die Beratung ist ein konkretes Anliegen, Orientierungspunkt ein attraktives Zukunftsbild. Entweder sind diese zu Beginn des Beratungsprozesses bereits bekannt oder werden gemeinsam erarbeitet. Mit regelm\u00e4ssiger Reflexion schaffe ich die M\u00f6glichkeit, den Beratungsprozess neu auszurichten oder abzuschliessen.<\/p>\n<p>Erfolgreiche Beratung l\u00e4sst sich daran erkennen, dass die beratenen Menschen und Organisationen ihrem Zukunftsbild n\u00e4her gekommen sind und ihre Weiterentwicklung selber sicherstellen k\u00f6nnen.<\/p>\n<p>Im Bedarfsfall schlage ich den Beizug weiterer spezialisierter Berater*innen vor.<\/p>\n<p>Erfahren Sie mehr !<\/p>\n<ul>\n<li><a href=\"https:\/\/www.gutberaten-ost.ch\/?page_id=44\">Erstgespr\u00e4ch und Beratungsvertrag<\/a><\/li>\n<\/ul>\n","protected":false},"excerpt":{"rendered":"<p>Als systemischer Organisationsberater arbeite ich sorgf\u00e4ltig und situationsgerecht. Grundlage sind f\u00fcr mich die im Prozess beteiligten Menschen, von denen jeder einzelne als Individuum ernst genommen werden will. Organisationen betrachte ich als lebende und entwicklungsf\u00e4hige Systeme. Ausgangspunkt f\u00fcr die Beratung ist<\/p>\n","protected":false},"author":1,"featured_media":0,"parent":31,"menu_order":0,"comment_status":"closed","ping_status":"closed","template":"","meta":{"footnotes":""},"class_list":["post-41","page","type-page","status-publish","hentry"],"_links":{"self":[{"href":"https:\/\/gutberaten-ost.ch\/index.php?rest_route=\/wp\/v2\/pages\/41","targetHints":{"allow":["GET"]}}],"collection":[{"href":"https:\/\/gutberaten-ost.ch\/index.php?rest_route=\/wp\/v2\/pages"}],"about":[{"href":"https:\/\/gutberaten-ost.ch\/index.php?rest_route=\/wp\/v2\/types\/page"}],"author":[{"embeddable":true,"href":"https:\/\/gutberaten-ost.ch\/index.php?rest_route=\/wp\/v2\/users\/1"}],"replies":[{"embeddable":true,"href":"https:\/\/gutberaten-ost.ch\/index.php?rest_route=%2Fwp%2Fv2%2Fcomments&post=41"}],"version-history":[{"count":15,"href":"https:\/\/gutberaten-ost.ch\/index.php?rest_route=\/wp\/v2\/pages\/41\/revisions"}],"predecessor-version":[{"id":802,"href":"https:\/\/gutberaten-ost.ch\/index.php?rest_route=\/wp\/v2\/pages\/41\/revisions\/802"}],"up":[{"embeddable":true,"href":"https:\/\/gutberaten-ost.ch\/index.php?rest_route=\/wp\/v2\/pages\/31"}],"wp:attachment":[{"href":"https:\/\/gutberaten-ost.ch\/index.php?rest_route=%2Fwp%2Fv2%2Fmedia&parent=41"}],"curies":[{"name":"wp","href":"https:\/\/api.w.org\/{rel}","templated":true}]}}