{"id":578,"date":"2021-12-15T10:17:03","date_gmt":"2021-12-15T09:17:03","guid":{"rendered":"https:\/\/www.gutberaten-ost.ch\/?page_id=578"},"modified":"2021-12-15T10:38:33","modified_gmt":"2021-12-15T09:38:33","slug":"andere-menschen-ueber-mich","status":"publish","type":"page","link":"https:\/\/gutberaten-ost.ch\/?page_id=578","title":{"rendered":"Andere Menschen \u00fcber mich"},"content":{"rendered":"\n<p>\u201eDu beeindruckst mich durch&#8230;<\/p>\n\n\n\n<ul class=\"wp-block-list\"><li>dein Interesse, welches du anderen gegen\u00fcber bringst.<\/li><li>deine Besonnenheit und F\u00e4higkeit, danach zu fragen, was sich hinter dem Sichtbaren verbirgt.<\/li><li>deinen unvergleichlichen trockenen Humor.<\/li><li>die F\u00e4higkeit, das Wesentliche zu erfassen.<\/li><li>deine rasche \u00dcbersicht \u00fcber das Ganze.<\/li><li>deine exakte Vorbereitung.<\/li><li>deinen wertsch\u00e4tzenden, spontanen, klaren, strukturierten Stil.<\/li><li>deinen offenen, sympathischen Umgang mit den Teilnehmenden.\u201c<\/li><\/ul>\n\n\n\n<p>\u201eAls Organisationsberater werde ich dich weiterempfehlen, weil &#8230;<\/p>\n\n\n\n<ul class=\"wp-block-list\"><li>du genau wahrnimmst und Prozesse sehr sorgf\u00e4ltig begleiten kannst mit der F\u00e4higkeit, auch etwas anzusprechen, was unangenehm ist.<\/li><li>du sehr sorgf\u00e4ltig Hypothesen bildest und transparent in deinem Vorgehen bist.<\/li><li>du umsetzbare Empfehlungen machst.<\/li><li>du als fairer Gesch\u00e4ftspartner deine M\u00f6glichkeiten und Grenzen schon zu Beginn aufzeigst.<\/li><li>du klar f\u00fchrst, ohne dich dabei ins Zentrum zu stellen.<\/li><li>du wesentlich zum pers\u00f6nlichen, als auch zum organisationsbezogenen Prozess beigetragen hast.<\/li><li>die Ergebnisse aus deinen Beratungen nachhaltig sind.\u201c<\/li><\/ul>\n\n\n\n<h3 class=\"wp-block-heading\">Referenzen<\/h3>\n\n\n\n<p>Auf Anfrage geben Auftraggeber von durchgef\u00fchrten Beratungsprozessen gerne pers\u00f6nlich Auskunft \u00fcber ihre Erfahrungen und Eindr\u00fccke. Aus R\u00fccksicht auf die betreffenden Personen und Organisationen wird hier auf eine Namensnennung verzichtet.<\/p>\n\n\n\n<p><\/p>\n","protected":false},"excerpt":{"rendered":"<p>\u201eDu beeindruckst mich durch&#8230; dein Interesse, welches du anderen gegen\u00fcber bringst. deine Besonnenheit und F\u00e4higkeit, danach zu fragen, was sich hinter dem Sichtbaren verbirgt. deinen unvergleichlichen trockenen Humor. die F\u00e4higkeit, das Wesentliche zu erfassen. deine rasche \u00dcbersicht \u00fcber das Ganze.<\/p>\n","protected":false},"author":1,"featured_media":0,"parent":34,"menu_order":0,"comment_status":"closed","ping_status":"closed","template":"","meta":{"footnotes":""},"class_list":["post-578","page","type-page","status-publish","hentry"],"_links":{"self":[{"href":"https:\/\/gutberaten-ost.ch\/index.php?rest_route=\/wp\/v2\/pages\/578","targetHints":{"allow":["GET"]}}],"collection":[{"href":"https:\/\/gutberaten-ost.ch\/index.php?rest_route=\/wp\/v2\/pages"}],"about":[{"href":"https:\/\/gutberaten-ost.ch\/index.php?rest_route=\/wp\/v2\/types\/page"}],"author":[{"embeddable":true,"href":"https:\/\/gutberaten-ost.ch\/index.php?rest_route=\/wp\/v2\/users\/1"}],"replies":[{"embeddable":true,"href":"https:\/\/gutberaten-ost.ch\/index.php?rest_route=%2Fwp%2Fv2%2Fcomments&post=578"}],"version-history":[{"count":3,"href":"https:\/\/gutberaten-ost.ch\/index.php?rest_route=\/wp\/v2\/pages\/578\/revisions"}],"predecessor-version":[{"id":588,"href":"https:\/\/gutberaten-ost.ch\/index.php?rest_route=\/wp\/v2\/pages\/578\/revisions\/588"}],"up":[{"embeddable":true,"href":"https:\/\/gutberaten-ost.ch\/index.php?rest_route=\/wp\/v2\/pages\/34"}],"wp:attachment":[{"href":"https:\/\/gutberaten-ost.ch\/index.php?rest_route=%2Fwp%2Fv2%2Fmedia&parent=578"}],"curies":[{"name":"wp","href":"https:\/\/api.w.org\/{rel}","templated":true}]}}