{"id":6,"date":"2015-12-08T19:49:53","date_gmt":"2015-12-08T18:49:53","guid":{"rendered":"http:\/\/gutberaten.bplaced.net\/wp\/?page_id=6"},"modified":"2026-02-07T16:23:47","modified_gmt":"2026-02-07T15:23:47","slug":"gute-beratung-beginnt-mit-fragen","status":"publish","type":"page","link":"https:\/\/gutberaten-ost.ch\/","title":{"rendered":"Einstieg"},"content":{"rendered":"\n<p>Frage oder Anliegen? Unverbindlich <strong><a href=\"https:\/\/www.gutberaten-ost.ch\/?page_id=28\">Kontakt<\/a> <\/strong>aufnehmen!<\/p>\n\n\n\n<p>Beratung mit nat\u00fcrlicher Intelligenz und pers\u00f6nlichem Kontakt.<strong> <a href=\"https:\/\/www.gutberaten-ost.ch\/?page_id=31\">Mein Angebot<\/a><\/strong><\/p>\n\n\n\n<figure class=\"wp-block-image alignleft size-full is-resized is-style-rounded\"><a href=\"https:\/\/gutberaten-ost.ch\/wp-content\/uploads\/2022\/01\/D_Rueesch_2021-09-25_web_extrakt_quer_h100.jpg\"><img loading=\"lazy\" decoding=\"async\" width=\"150\" height=\"100\" src=\"https:\/\/www.gutberaten-ost.ch\/wp-content\/uploads\/2022\/01\/D_Rueesch_2021-09-25_web_extrakt_quer_h100.jpg\" alt=\"\" class=\"wp-image-629\" style=\"width:195px;height:auto\"\/><\/a><\/figure>\n\n\n\n<blockquote class=\"wp-block-quote is-layout-flow wp-block-quote-is-layout-flow\">\n<p>Ich unterst\u00fctze und begleite \u2013 als systemischer Organisationsberater und Moderator \u2013 Leitungsgremien und Teams im Rahmen von Retraiten, Tagungen, Workshops und Team-Supervisionen bei der zuk\u00fcnftigen Ausrichtung und bei Themen der Zusammenarbeit und Wirksamkeit.<\/p>\n<cite>Dominik R\u00fcesch<\/cite><\/blockquote>\n\n\n\n<p><\/p>\n\n\n\n<p>Mitglied bei <\/p>\n\n\n\n<figure class=\"wp-block-image alignleft size-full is-resized\"><a href=\"https:\/\/www.gutberaten-ost.ch\/wp-content\/uploads\/2021\/10\/csm_bso_logo_gross_b07c27b159.jpg\"><img loading=\"lazy\" decoding=\"async\" width=\"200\" height=\"107\" src=\"https:\/\/www.gutberaten-ost.ch\/wp-content\/uploads\/2021\/10\/csm_bso_logo_gross_b07c27b159.jpg\" alt=\"\" class=\"wp-image-526\" style=\"width:136px;height:73px\"\/><\/a><\/figure>\n\n\n\n<p><\/p>\n","protected":false},"excerpt":{"rendered":"<p>Frage oder Anliegen? Unverbindlich Kontakt aufnehmen! Beratung mit nat\u00fcrlicher Intelligenz und pers\u00f6nlichem Kontakt. Mein Angebot Ich unterst\u00fctze und begleite \u2013 als systemischer Organisationsberater und Moderator \u2013 Leitungsgremien und Teams im Rahmen von Retraiten, Tagungen, Workshops und Team-Supervisionen bei der zuk\u00fcnftigen<\/p>\n","protected":false},"author":1,"featured_media":0,"parent":0,"menu_order":0,"comment_status":"closed","ping_status":"closed","template":"","meta":{"footnotes":""},"class_list":["post-6","page","type-page","status-publish","hentry"],"_links":{"self":[{"href":"https:\/\/gutberaten-ost.ch\/index.php?rest_route=\/wp\/v2\/pages\/6","targetHints":{"allow":["GET"]}}],"collection":[{"href":"https:\/\/gutberaten-ost.ch\/index.php?rest_route=\/wp\/v2\/pages"}],"about":[{"href":"https:\/\/gutberaten-ost.ch\/index.php?rest_route=\/wp\/v2\/types\/page"}],"author":[{"embeddable":true,"href":"https:\/\/gutberaten-ost.ch\/index.php?rest_route=\/wp\/v2\/users\/1"}],"replies":[{"embeddable":true,"href":"https:\/\/gutberaten-ost.ch\/index.php?rest_route=%2Fwp%2Fv2%2Fcomments&post=6"}],"version-history":[{"count":85,"href":"https:\/\/gutberaten-ost.ch\/index.php?rest_route=\/wp\/v2\/pages\/6\/revisions"}],"predecessor-version":[{"id":977,"href":"https:\/\/gutberaten-ost.ch\/index.php?rest_route=\/wp\/v2\/pages\/6\/revisions\/977"}],"wp:attachment":[{"href":"https:\/\/gutberaten-ost.ch\/index.php?rest_route=%2Fwp%2Fv2%2Fmedia&parent=6"}],"curies":[{"name":"wp","href":"https:\/\/api.w.org\/{rel}","templated":true}]}}